{"id":1902,"date":"2015-07-01T19:50:39","date_gmt":"2015-07-01T16:50:39","guid":{"rendered":"https:\/\/www.usulhukuk.com\/iletisim\/"},"modified":"2023-10-22T22:24:46","modified_gmt":"2023-10-22T19:24:46","slug":"contact-us","status":"publish","type":"page","link":"https:\/\/www.usulhukuk.com\/en\/contact-us\/","title":{"rendered":"Contact Us"},"content":{"rendered":"<p><div class=\"fusion-fullwidth fullwidth-box fusion-builder-row-1 fusion-flex-container nonhundred-percent-fullwidth non-hundred-percent-height-scrolling\" style=\"--awb-background-position:left top;--awb-border-sizes-top:0px;--awb-border-sizes-bottom:0px;--awb-border-sizes-left:0px;--awb-border-sizes-right:0px;--awb-border-radius-top-left:0px;--awb-border-radius-top-right:0px;--awb-border-radius-bottom-right:0px;--awb-border-radius-bottom-left:0px;--awb-padding-top:110px;--awb-padding-bottom:100px;--awb-padding-top-medium:60px;--awb-padding-bottom-medium:48px;--awb-flex-wrap:wrap;\" ><div class=\"fusion-builder-row fusion-row fusion-flex-align-items-flex-start fusion-flex-content-wrap\" style=\"max-width:calc( 1170px + 0px );margin-left: calc(-0px \/ 2 );margin-right: calc(-0px \/ 2 );\"><div class=\"fusion-layout-column fusion_builder_column fusion-builder-column-0 fusion_builder_column_1_1 1_1 fusion-flex-column fusion-flex-align-self-flex-start fusion-column-no-min-height\" style=\"--awb-bg-blend:overlay;--awb-bg-size:cover;--awb-width-large:100%;--awb-margin-top-large:0px;--awb-spacing-right-large:0px;--awb-margin-bottom-large:0px;--awb-spacing-left-large:0px;--awb-width-medium:100%;--awb-spacing-right-medium:0px;--awb-spacing-left-medium:0px;--awb-width-small:100%;--awb-spacing-right-small:0px;--awb-spacing-left-small:0px;\"><div class=\"fusion-column-wrapper fusion-flex-justify-content-flex-start fusion-content-layout-column\"><div class=\"fusion-separator fusion-full-width-sep\" style=\"align-self: center;margin-left: auto;margin-right: auto;width:100%;\"><div class=\"fusion-separator-border sep-single sep-solid\" style=\"--awb-height:20px;--awb-amount:20px;--awb-sep-color:var(--awb-color5);border-color:var(--awb-color5);border-top-width:5px;\"><\/div><\/div><\/div><\/div><div class=\"fusion-layout-column fusion_builder_column fusion-builder-column-1 fusion_builder_column_1_1 1_1 fusion-flex-column green-border rounded-border\" style=\"--awb-padding-top:55px;--awb-padding-right:60px;--awb-padding-bottom:20px;--awb-padding-left:60px;--awb-bg-color:var(--awb-color1);--awb-bg-color-hover:var(--awb-color1);--awb-bg-size:cover;--awb-border-color:var(--awb-color3);--awb-border-top:1px;--awb-border-right:1px;--awb-border-bottom:1px;--awb-border-left:1px;--awb-border-style:solid;--awb-width-large:100%;--awb-margin-top-large:0px;--awb-spacing-right-large:0px;--awb-margin-bottom-large:20px;--awb-spacing-left-large:0px;--awb-width-medium:100%;--awb-spacing-right-medium:0px;--awb-spacing-left-medium:0px;--awb-width-small:100%;--awb-spacing-right-small:0px;--awb-spacing-left-small:0px;\"><div class=\"fusion-column-wrapper fusion-flex-justify-content-center fusion-content-layout-column\"><div class=\"fusion-content-boxes content-boxes columns row fusion-columns-4 fusion-columns-total-4 fusion-content-boxes-1 content-boxes-icon-on-top content-left\" style=\"--awb-margin-bottom:0px;--awb-hover-accent-color:var(--awb-color5);--awb-circle-hover-accent-color:transparent;\" data-animationOffset=\"top-into-view\"><div style=\"--awb-backgroundcolor:rgba(255,255,255,0);\" class=\"fusion-column content-box-column content-box-column content-box-column-1 col-lg-3 col-md-3 col-sm-3 fusion-content-box-hover content-box-column-first-in-row\"><div class=\"col content-box-wrapper content-wrapper link-area-box icon-hover-animation-slide\" data-animationOffset=\"top-into-view\"><div class=\"heading heading-with-icon icon-left\"><div class=\"icon\"><i style=\"background-color:transparent;border-color:transparent;height:auto;width: 44px;line-height:normal;font-size:44px;\" aria-hidden=\"true\" class=\"fontawesome-icon icon-law-home-solid circle-no\"><\/i><\/div><h2 class=\"content-box-heading\" style=\"--h2_typography-font-size:18px;line-height:23px;\">Address<\/h2><\/div><div class=\"fusion-clearfix\"><\/div><div class=\"content-container\">\n<p style=\"text-align: center;\">So\u011fanl\u0131k Yeni Mahalle, Baltac\u0131 Mehmet Pa\u015fa Sokak, Helenium Twins No:1 A Blok D.2<br \/>\nKartal\/\u0130STANBUL<\/p>\n<\/div><\/div><\/div><div style=\"--awb-backgroundcolor:rgba(255,255,255,0);\" class=\"fusion-column content-box-column content-box-column content-box-column-2 col-lg-3 col-md-3 col-sm-3 fusion-content-box-hover \"><div class=\"col content-box-wrapper content-wrapper link-area-box icon-hover-animation-slide\" data-animationOffset=\"top-into-view\"><div class=\"heading heading-with-icon icon-left\"><div class=\"icon\"><i style=\"background-color:transparent;border-color:transparent;height:auto;width: 44px;line-height:normal;font-size:44px;\" aria-hidden=\"true\" class=\"fontawesome-icon icon-law-home-solid circle-no\"><\/i><\/div><h2 class=\"content-box-heading\" style=\"--h2_typography-font-size:18px;line-height:23px;\">Londra Address<\/h2><\/div><div class=\"fusion-clearfix\"><\/div><div class=\"content-container\">\n<p style=\"text-align: center;\">Usul Ventures L\u0131m\u0131ted 71-75 Shelton Street Covent Gardenlondonun\u0131ted K\u0131ngdom Wc2h 9jQ<\/p>\n<\/div><\/div><\/div><div style=\"--awb-backgroundcolor:rgba(255,255,255,0);\" class=\"fusion-column content-box-column content-box-column content-box-column-3 col-lg-3 col-md-3 col-sm-3 fusion-content-box-hover \"><div class=\"col content-box-wrapper content-wrapper link-area-box icon-hover-animation-slide\" data-animationOffset=\"top-into-view\"><div class=\"heading heading-with-icon icon-left\"><div class=\"icon\"><i style=\"background-color:transparent;border-color:transparent;height:auto;width: 44px;line-height:normal;font-size:44px;\" aria-hidden=\"true\" class=\"fontawesome-icon icon-law-phone-alt-solid circle-no\"><\/i><\/div><h2 class=\"content-box-heading\" style=\"--h2_typography-font-size:18px;line-height:23px;\">Phone<\/h2><\/div><div class=\"fusion-clearfix\"><\/div><div class=\"content-container\">\n<p style=\"text-align: center;\">\u00a0<a href=\"tel:+902167475557\">+90 (216) 747 55 57<\/a><\/p>\n<\/div><\/div><\/div><div style=\"--awb-backgroundcolor:rgba(255,255,255,0);\" class=\"fusion-column content-box-column content-box-column content-box-column-4 col-lg-3 col-md-3 col-sm-3 fusion-content-box-hover content-box-column-last content-box-column-last-in-row\"><div class=\"col content-box-wrapper content-wrapper link-area-box icon-hover-animation-slide\" data-animationOffset=\"top-into-view\"><div class=\"heading heading-with-icon icon-left\"><div class=\"icon\"><i style=\"background-color:transparent;border-color:transparent;height:auto;width: 44px;line-height:normal;font-size:44px;\" aria-hidden=\"true\" class=\"fontawesome-icon icon-law-envelope-solid circle-no\"><\/i><\/div><h2 class=\"content-box-heading\" style=\"--h2_typography-font-size:18px;line-height:23px;\">Email<\/h2><\/div><div class=\"fusion-clearfix\"><\/div><div class=\"content-container\">\n<p style=\"text-align: center;\"><a href=\"mailto:info@usulhukuk.com\">info@usulhukuk.com<\/a><\/p>\n<\/div><\/div><\/div><div class=\"fusion-clearfix\"><\/div><\/div><\/div><\/div><\/div><\/div><div class=\"fusion-bg-parallax\" data-bg-align=\"left top\" data-direction=\"up\" data-mute=\"false\" data-opacity=\"100\" data-velocity=\"-0.4\" data-mobile-enabled=\"false\" data-break_parents=\"0\" data-bg-image=\"https:\/\/www.usulhukuk.com\/wp-content\/uploads\/2015\/02\/banner-home-1.jpg\" data-bg-repeat=\"false\" data-bg-color=\"var(--awb-color8)\" ><\/div><div class=\"fusion-fullwidth fullwidth-box fusion-builder-row-2 fusion-flex-container fusion-parallax-up nonhundred-percent-fullwidth non-hundred-percent-height-scrolling lazyload\" style=\"--awb-background-position:left top;--awb-border-sizes-top:0px;--awb-border-sizes-bottom:0px;--awb-border-sizes-left:0px;--awb-border-sizes-right:0px;--awb-border-radius-top-left:0px;--awb-border-radius-top-right:0px;--awb-border-radius-bottom-right:0px;--awb-border-radius-bottom-left:0px;--awb-padding-top:110px;--awb-padding-bottom:85px;--awb-padding-top-medium:72px;--awb-padding-bottom-medium:42px;--awb-background-color:var(--awb-color8);--awb-background-size:cover;--awb-flex-wrap:wrap;\" data-bg=\"https:\/\/www.usulhukuk.com\/wp-content\/uploads\/2015\/02\/banner-home-1.jpg\" ><div class=\"fusion-builder-row fusion-row fusion-flex-align-items-flex-start fusion-flex-content-wrap\" style=\"max-width:1216.8px;margin-left: calc(-4% \/ 2 );margin-right: calc(-4% \/ 2 );\"><div class=\"fusion-layout-column fusion_builder_column fusion-builder-column-2 fusion_builder_column_1_3 1_3 fusion-flex-column\" style=\"--awb-bg-blend:overlay;--awb-bg-size:cover;--awb-width-large:33.333333333333%;--awb-margin-top-large:0px;--awb-spacing-right-large:3.84%;--awb-margin-bottom-large:20px;--awb-spacing-left-large:5.76%;--awb-width-medium:100%;--awb-spacing-right-medium:1.92%;--awb-spacing-left-medium:1.92%;--awb-width-small:100%;--awb-spacing-right-small:1.92%;--awb-spacing-left-small:1.92%;\"><div class=\"fusion-column-wrapper fusion-flex-justify-content-flex-start fusion-content-layout-column\"><div class=\"fusion-title title fusion-title-1 fusion-title-text fusion-title-size-three\" style=\"--awb-text-color:var(--awb-color1);--awb-margin-bottom:20px;\"><div class=\"title-sep-container title-sep-container-left fusion-no-large-visibility fusion-no-medium-visibility fusion-no-small-visibility\"><div class=\"title-sep sep- sep-solid\" style=\"border-color:var(--awb-color3);\"><\/div><\/div><span class=\"awb-title-spacer fusion-no-large-visibility fusion-no-medium-visibility fusion-no-small-visibility\"><\/span><h3 class=\"fusion-title-heading title-heading-left\" style=\"margin:0;\">We are happy to serve you<\/h3><span class=\"awb-title-spacer\"><\/span><div class=\"title-sep-container title-sep-container-right\"><div class=\"title-sep sep- sep-solid\" style=\"border-color:var(--awb-color3);\"><\/div><\/div><\/div><div class=\"fusion-text fusion-text-1\" style=\"--awb-text-transform:none;\"><p>We are here to help answer your questions. Legal matters can be complex, our experts are ready to assist you in keeping you informed on anything related to your subject. We take great pride in using our expertise for you and look forward to hearing from you.<\/p>\n<\/div><div class=\"fusion-separator fusion-full-width-sep\" style=\"align-self: center;margin-left: auto;margin-right: auto;margin-top:40px;width:100%;\"><\/div><div class=\"fusion-social-links fusion-social-links-1\" style=\"--awb-margin-top:0px;--awb-margin-right:0px;--awb-margin-bottom:0px;--awb-margin-left:0px;--awb-box-border-top:0px;--awb-box-border-right:0px;--awb-box-border-bottom:0px;--awb-box-border-left:0px;--awb-icon-colors-hover:var(--awb-color4);--awb-box-colors-hover:var(--awb-color1);--awb-box-border-color:var(--awb-color3);--awb-box-border-color-hover:var(--awb-color4);\"><div class=\"fusion-social-networks boxed-icons color-type-custom\"><div class=\"fusion-social-networks-wrapper\"><a class=\"fusion-social-network-icon fusion-tooltip fusion-twitter awb-icon-twitter\" style=\"color:var(--awb-color1);font-size:14px;width:14px;background-color:var(--awb-color5);border-color:var(--awb-color5);border-radius:4px;\" data-placement=\"top\" data-title=\"Twitter\" data-toggle=\"tooltip\" title=\"Twitter\" aria-label=\"twitter\" target=\"_blank\" rel=\"noopener noreferrer\" href=\"https:\/\/twitter.com\/AvKaanOzcelik\"><\/a><a class=\"fusion-social-network-icon fusion-tooltip fusion-instagram awb-icon-instagram\" style=\"color:var(--awb-color1);font-size:14px;width:14px;background-color:var(--awb-color5);border-color:var(--awb-color5);border-radius:4px;\" data-placement=\"top\" data-title=\"Instagram\" data-toggle=\"tooltip\" title=\"Instagram\" aria-label=\"instagram\" target=\"_blank\" rel=\"noopener noreferrer\" href=\"https:\/\/www.instagram.com\/avkaanozcelik\/\"><\/a><a class=\"fusion-social-network-icon fusion-tooltip fusion-youtube awb-icon-youtube\" style=\"color:var(--awb-color1);font-size:14px;width:14px;background-color:var(--awb-color5);border-color:var(--awb-color5);border-radius:4px;\" data-placement=\"top\" data-title=\"YouTube\" data-toggle=\"tooltip\" title=\"YouTube\" aria-label=\"youtube\" target=\"_blank\" rel=\"noopener noreferrer\" href=\"https:\/\/www.youtube.com\/c\/AvKaan%C3%96Z%C3%87EL%C4%B0K\"><\/a><\/div><\/div><\/div><\/div><\/div><div class=\"fusion-layout-column fusion_builder_column fusion-builder-column-3 fusion_builder_column_2_3 2_3 fusion-flex-column\" style=\"--awb-bg-blend:overlay;--awb-bg-size:cover;--awb-width-large:66.666666666667%;--awb-margin-top-large:0px;--awb-spacing-right-large:2.88%;--awb-margin-bottom-large:20px;--awb-spacing-left-large:3.84%;--awb-width-medium:100%;--awb-spacing-right-medium:1.92%;--awb-spacing-left-medium:1.92%;--awb-width-small:100%;--awb-spacing-right-small:1.92%;--awb-spacing-left-small:1.92%;\"><div class=\"fusion-column-wrapper fusion-flex-justify-content-flex-start fusion-content-layout-column\">\n<div class=\"wpcf7 no-js\" id=\"wpcf7-f1985-o1\" lang=\"tr-TR\" dir=\"ltr\">\n<div class=\"screen-reader-response\"><p role=\"status\" aria-live=\"polite\" aria-atomic=\"true\"><\/p> <ul><\/ul><\/div>\n<form action=\"\/en\/wp-json\/wp\/v2\/pages\/1902#wpcf7-f1985-o1\" method=\"post\" class=\"wpcf7-form init\" aria-label=\"Contact form\" novalidate=\"novalidate\" data-status=\"init\">\n<div style=\"display: none;\">\n<input type=\"hidden\" name=\"_wpcf7\" value=\"1985\" \/>\n<input type=\"hidden\" name=\"_wpcf7_version\" value=\"5.9.3\" \/>\n<input type=\"hidden\" name=\"_wpcf7_locale\" value=\"tr_TR\" \/>\n<input type=\"hidden\" name=\"_wpcf7_unit_tag\" value=\"wpcf7-f1985-o1\" \/>\n<input type=\"hidden\" name=\"_wpcf7_container_post\" value=\"0\" \/>\n<input type=\"hidden\" name=\"_wpcf7_posted_data_hash\" value=\"\" \/>\n<input type=\"hidden\" name=\"_wpcf7_recaptcha_response\" value=\"\" \/>\n<\/div>\n<p><label> Your name (required)<br \/>\n<span class=\"wpcf7-form-control-wrap\" data-name=\"your-name\"><input size=\"40\" class=\"wpcf7-form-control wpcf7-text wpcf7-validates-as-required\" aria-required=\"true\" aria-invalid=\"false\" value=\"\" type=\"text\" name=\"your-name\" \/><\/span> <\/label>\n<\/p>\n<p><label> Your e-mail address (required)<br \/>\n<span class=\"wpcf7-form-control-wrap\" data-name=\"your-email\"><input size=\"40\" class=\"wpcf7-form-control wpcf7-email wpcf7-validates-as-required wpcf7-text wpcf7-validates-as-email\" aria-required=\"true\" aria-invalid=\"false\" value=\"\" type=\"email\" name=\"your-email\" \/><\/span> <\/label>\n<\/p>\n<p><label> Phone<br \/>\n<span class=\"wpcf7-form-control-wrap\" data-name=\"tel-586\"><input size=\"40\" class=\"wpcf7-form-control wpcf7-tel wpcf7-validates-as-required wpcf7-text wpcf7-validates-as-tel\" aria-required=\"true\" aria-invalid=\"false\" value=\"\" type=\"tel\" name=\"tel-586\" \/><\/span> <\/label>\n<\/p>\n<p><label> Your question<br \/>\n<span class=\"wpcf7-form-control-wrap\" data-name=\"your-message\"><textarea cols=\"40\" rows=\"10\" class=\"wpcf7-form-control wpcf7-textarea\" aria-invalid=\"false\" name=\"your-message\"><\/textarea><\/span> <\/label>\n<\/p>\n<p><input class=\"wpcf7-form-control wpcf7-submit has-spinner\" type=\"submit\" value=\"Submit\" \/>\n<\/p><div class=\"fusion-alert alert custom alert-custom fusion-alert-center wpcf7-response-output fusion-alert-capitalize awb-alert-native-link-color alert-dismissable awb-alert-close-boxed\" style=\"--awb-border-size:1px;--awb-border-top-left-radius:0px;--awb-border-top-right-radius:0px;--awb-border-bottom-left-radius:0px;\" role=\"alert\"><div class=\"fusion-alert-content-wrapper\"><span class=\"fusion-alert-content\"><\/span><\/div><button type=\"button\" class=\"close toggle-alert\" data-dismiss=\"alert\" aria-label=\"Close\">&times;<\/button><\/div>\n<\/form>\n<\/div>\n<\/div><\/div><\/div><\/div><\/p>\n","protected":false},"excerpt":{"rendered":"","protected":false},"author":1,"featured_media":0,"parent":0,"menu_order":0,"comment_status":"closed","ping_status":"closed","template":"100-width.php","meta":{"footnotes":""},"class_list":["post-1902","page","type-page","status-publish","hentry"],"yoast_head":"<!-- This site is optimized with the Yoast SEO plugin v22.3 - https:\/\/yoast.com\/wordpress\/plugins\/seo\/ -->\n<title>Contact Us - Usul Hukuk Dan\u0131\u015fmanl\u0131k<\/title>\n<meta name=\"robots\" content=\"index, follow, max-snippet:-1, max-image-preview:large, max-video-preview:-1\" \/>\n<link rel=\"canonical\" href=\"https:\/\/www.usulhukuk.com\/en\/contact-us\/\" \/>\n<meta property=\"og:locale\" content=\"en_US\" \/>\n<meta property=\"og:type\" content=\"article\" \/>\n<meta property=\"og:title\" content=\"Contact Us - Usul Hukuk Dan\u0131\u015fmanl\u0131k\" \/>\n<meta property=\"og:url\" content=\"https:\/\/www.usulhukuk.com\/en\/contact-us\/\" \/>\n<meta property=\"og:site_name\" content=\"Usul Hukuk Dan\u0131\u015fmanl\u0131k\" \/>\n<meta property=\"article:modified_time\" content=\"2023-10-22T19:24:46+00:00\" \/>\n<meta name=\"twitter:card\" content=\"summary_large_image\" \/>\n<meta name=\"twitter:site\" content=\"@AvKaanOzcelik\" \/>\n<meta name=\"twitter:label1\" content=\"Est. reading time\" \/>\n\t<meta name=\"twitter:data1\" content=\"2 minutes\" \/>\n<script type=\"application\/ld+json\" class=\"yoast-schema-graph\">{\"@context\":\"https:\/\/schema.org\",\"@graph\":[{\"@type\":\"WebPage\",\"@id\":\"https:\/\/www.usulhukuk.com\/en\/contact-us\/\",\"url\":\"https:\/\/www.usulhukuk.com\/en\/contact-us\/\",\"name\":\"Contact Us - Usul Hukuk Dan\u0131\u015fmanl\u0131k\",\"isPartOf\":{\"@id\":\"https:\/\/www.usulhukuk.com\/#website\"},\"datePublished\":\"2015-07-01T16:50:39+00:00\",\"dateModified\":\"2023-10-22T19:24:46+00:00\",\"breadcrumb\":{\"@id\":\"https:\/\/www.usulhukuk.com\/en\/contact-us\/#breadcrumb\"},\"inLanguage\":\"en-US\",\"potentialAction\":[{\"@type\":\"ReadAction\",\"target\":[\"https:\/\/www.usulhukuk.com\/en\/contact-us\/\"]}]},{\"@type\":\"BreadcrumbList\",\"@id\":\"https:\/\/www.usulhukuk.com\/en\/contact-us\/#breadcrumb\",\"itemListElement\":[{\"@type\":\"ListItem\",\"position\":1,\"name\":\"Anasayfa\",\"item\":\"https:\/\/www.usulhukuk.com\/en\/usul-hukuk\/\"},{\"@type\":\"ListItem\",\"position\":2,\"name\":\"Contact Us\"}]},{\"@type\":\"WebSite\",\"@id\":\"https:\/\/www.usulhukuk.com\/#website\",\"url\":\"https:\/\/www.usulhukuk.com\/\",\"name\":\"Usul Hukuk Dan\u0131\u015fmanl\u0131k\",\"description\":\"K\u00fcresel \u00c7apta Uzman Avukatlar\",\"publisher\":{\"@id\":\"https:\/\/www.usulhukuk.com\/#organization\"},\"potentialAction\":[{\"@type\":\"SearchAction\",\"target\":{\"@type\":\"EntryPoint\",\"urlTemplate\":\"https:\/\/www.usulhukuk.com\/?s={search_term_string}\"},\"query-input\":\"required name=search_term_string\"}],\"inLanguage\":\"en-US\"},{\"@type\":\"Organization\",\"@id\":\"https:\/\/www.usulhukuk.com\/#organization\",\"name\":\"Us\u00fcl Hukuk\",\"url\":\"https:\/\/www.usulhukuk.com\/\",\"logo\":{\"@type\":\"ImageObject\",\"inLanguage\":\"en-US\",\"@id\":\"https:\/\/www.usulhukuk.com\/#\/schema\/logo\/image\/\",\"url\":\"https:\/\/www.usulhukuk.com\/wp-content\/uploads\/2019\/01\/Usul-Hukuk-logo2x.png\",\"contentUrl\":\"https:\/\/www.usulhukuk.com\/wp-content\/uploads\/2019\/01\/Usul-Hukuk-logo2x.png\",\"width\":540,\"height\":170,\"caption\":\"Us\u00fcl Hukuk\"},\"image\":{\"@id\":\"https:\/\/www.usulhukuk.com\/#\/schema\/logo\/image\/\"},\"sameAs\":[\"https:\/\/twitter.com\/AvKaanOzcelik\",\"https:\/\/www.instagram.com\/avkaanozcelik\/\",\"https:\/\/www.linkedin.com\/in\/avkaanozcelik\/\",\"https:\/\/www.youtube.com\/c\/AvKaan\u00d6Z\u00c7EL\u0130K\"]}]}<\/script>\n<!-- \/ Yoast SEO plugin. -->","yoast_head_json":{"title":"Contact Us - Usul Hukuk Dan\u0131\u015fmanl\u0131k","robots":{"index":"index","follow":"follow","max-snippet":"max-snippet:-1","max-image-preview":"max-image-preview:large","max-video-preview":"max-video-preview:-1"},"canonical":"https:\/\/www.usulhukuk.com\/en\/contact-us\/","og_locale":"en_US","og_type":"article","og_title":"Contact Us - Usul Hukuk Dan\u0131\u015fmanl\u0131k","og_url":"https:\/\/www.usulhukuk.com\/en\/contact-us\/","og_site_name":"Usul Hukuk Dan\u0131\u015fmanl\u0131k","article_modified_time":"2023-10-22T19:24:46+00:00","twitter_card":"summary_large_image","twitter_site":"@AvKaanOzcelik","twitter_misc":{"Est. reading time":"2 minutes"},"schema":{"@context":"https:\/\/schema.org","@graph":[{"@type":"WebPage","@id":"https:\/\/www.usulhukuk.com\/en\/contact-us\/","url":"https:\/\/www.usulhukuk.com\/en\/contact-us\/","name":"Contact Us - Usul Hukuk Dan\u0131\u015fmanl\u0131k","isPartOf":{"@id":"https:\/\/www.usulhukuk.com\/#website"},"datePublished":"2015-07-01T16:50:39+00:00","dateModified":"2023-10-22T19:24:46+00:00","breadcrumb":{"@id":"https:\/\/www.usulhukuk.com\/en\/contact-us\/#breadcrumb"},"inLanguage":"en-US","potentialAction":[{"@type":"ReadAction","target":["https:\/\/www.usulhukuk.com\/en\/contact-us\/"]}]},{"@type":"BreadcrumbList","@id":"https:\/\/www.usulhukuk.com\/en\/contact-us\/#breadcrumb","itemListElement":[{"@type":"ListItem","position":1,"name":"Anasayfa","item":"https:\/\/www.usulhukuk.com\/en\/usul-hukuk\/"},{"@type":"ListItem","position":2,"name":"Contact Us"}]},{"@type":"WebSite","@id":"https:\/\/www.usulhukuk.com\/#website","url":"https:\/\/www.usulhukuk.com\/","name":"Usul Hukuk Dan\u0131\u015fmanl\u0131k","description":"K\u00fcresel \u00c7apta Uzman Avukatlar","publisher":{"@id":"https:\/\/www.usulhukuk.com\/#organization"},"potentialAction":[{"@type":"SearchAction","target":{"@type":"EntryPoint","urlTemplate":"https:\/\/www.usulhukuk.com\/?s={search_term_string}"},"query-input":"required name=search_term_string"}],"inLanguage":"en-US"},{"@type":"Organization","@id":"https:\/\/www.usulhukuk.com\/#organization","name":"Us\u00fcl Hukuk","url":"https:\/\/www.usulhukuk.com\/","logo":{"@type":"ImageObject","inLanguage":"en-US","@id":"https:\/\/www.usulhukuk.com\/#\/schema\/logo\/image\/","url":"https:\/\/www.usulhukuk.com\/wp-content\/uploads\/2019\/01\/Usul-Hukuk-logo2x.png","contentUrl":"https:\/\/www.usulhukuk.com\/wp-content\/uploads\/2019\/01\/Usul-Hukuk-logo2x.png","width":540,"height":170,"caption":"Us\u00fcl Hukuk"},"image":{"@id":"https:\/\/www.usulhukuk.com\/#\/schema\/logo\/image\/"},"sameAs":["https:\/\/twitter.com\/AvKaanOzcelik","https:\/\/www.instagram.com\/avkaanozcelik\/","https:\/\/www.linkedin.com\/in\/avkaanozcelik\/","https:\/\/www.youtube.com\/c\/AvKaan\u00d6Z\u00c7EL\u0130K"]}]}},"_links":{"self":[{"href":"https:\/\/www.usulhukuk.com\/en\/wp-json\/wp\/v2\/pages\/1902","targetHints":{"allow":["GET"]}}],"collection":[{"href":"https:\/\/www.usulhukuk.com\/en\/wp-json\/wp\/v2\/pages"}],"about":[{"href":"https:\/\/www.usulhukuk.com\/en\/wp-json\/wp\/v2\/types\/page"}],"author":[{"embeddable":true,"href":"https:\/\/www.usulhukuk.com\/en\/wp-json\/wp\/v2\/users\/1"}],"replies":[{"embeddable":true,"href":"https:\/\/www.usulhukuk.com\/en\/wp-json\/wp\/v2\/comments?post=1902"}],"version-history":[{"count":6,"href":"https:\/\/www.usulhukuk.com\/en\/wp-json\/wp\/v2\/pages\/1902\/revisions"}],"predecessor-version":[{"id":2790,"href":"https:\/\/www.usulhukuk.com\/en\/wp-json\/wp\/v2\/pages\/1902\/revisions\/2790"}],"wp:attachment":[{"href":"https:\/\/www.usulhukuk.com\/en\/wp-json\/wp\/v2\/media?parent=1902"}],"curies":[{"name":"wp","href":"https:\/\/api.w.org\/{rel}","templated":true}]}}