{"id":1907,"date":"2015-02-20T20:12:33","date_gmt":"2015-02-20T18:12:33","guid":{"rendered":"https:\/\/www.usulhukuk.com\/lokasyonlarimiz\/"},"modified":"2025-01-24T15:31:57","modified_gmt":"2025-01-24T12:31:57","slug":"locations","status":"publish","type":"page","link":"https:\/\/www.usulhukuk.com\/en\/locations\/","title":{"rendered":"Locations"},"content":{"rendered":"<p><div class=\"fusion-fullwidth fullwidth-box fusion-builder-row-1 fusion-flex-container nonhundred-percent-fullwidth non-hundred-percent-height-scrolling\" style=\"--awb-background-position:left top;--awb-border-sizes-top:0px;--awb-border-sizes-bottom:0px;--awb-border-sizes-left:0px;--awb-border-sizes-right:0px;--awb-border-radius-top-left:0px;--awb-border-radius-top-right:0px;--awb-border-radius-bottom-right:0px;--awb-border-radius-bottom-left:0px;--awb-padding-top:100px;--awb-padding-bottom:90px;--awb-padding-top-medium:80px;--awb-padding-bottom-medium:52px;--awb-flex-wrap:wrap;\" ><div class=\"fusion-builder-row fusion-row fusion-flex-align-items-flex-start fusion-flex-content-wrap\" style=\"max-width:calc( 1170px + 0px );margin-left: calc(-0px \/ 2 );margin-right: calc(-0px \/ 2 );\"><div class=\"fusion-layout-column fusion_builder_column fusion-builder-column-0 fusion_builder_column_1_1 1_1 fusion-flex-column fusion-flex-align-self-flex-start fusion-column-no-min-height\" style=\"--awb-bg-blend:overlay;--awb-bg-size:cover;--awb-width-large:100%;--awb-margin-top-large:0px;--awb-spacing-right-large:0px;--awb-margin-bottom-large:0px;--awb-spacing-left-large:0px;--awb-width-medium:100%;--awb-spacing-right-medium:0px;--awb-spacing-left-medium:0px;--awb-width-small:100%;--awb-spacing-right-small:0px;--awb-spacing-left-small:0px;\"><div class=\"fusion-column-wrapper fusion-flex-justify-content-flex-start fusion-content-layout-column\"><div class=\"fusion-flip-boxes flip-boxes row fusion-columns-2 flip-effect-classic equal-heights\"><div class=\"fusion-flip-box-wrapper fusion-column col-lg-6 col-md-6 col-sm-6\"><div class=\"fusion-flip-box flip-right\" tabindex=\"0\"><div class=\"flip-box-inner-wrapper\"><div class=\"flip-box-front\" style=\"--awb-border-color:var(--awb-color3);--awb-border-size:1px;--awb-border-radius:3px;--awb-background-color-front:var(--awb-color1);--awb-title-front-color:#ffffff;--awb-text-front-color:#ffffff;--awb-background-image-front:url(&#039;https:\/\/www.usulhukuk.com\/wp-content\/uploads\/2022\/04\/Istanbul.jpg&#039;);\"><div class=\"flip-box-front-inner\"><div class=\"flip-box-grafix flip-box-image\"><img decoding=\"async\" class=\"lazyload\" src=\"data:image\/svg+xml,%3Csvg%20xmlns%3D%27http%3A%2F%2Fwww.w3.org%2F2000%2Fsvg%27%20width%3D%27512%27%20height%3D%27512%27%20viewBox%3D%270%200%20512%20512%27%3E%3Crect%20width%3D%27512%27%20height%3D%27512%27%20fill-opacity%3D%220%22%2F%3E%3C%2Fsvg%3E\" data-orig-src=\"https:\/\/www.usulhukuk.com\/wp-content\/uploads\/2022\/04\/pin-1.png\" width=\"35\" height=\"35\" alt=\"\" \/><\/div><h2 class=\"flip-box-heading\">Istanbul Office<\/h2>So\u011fanl\u0131k Yeni Mahalle Baltac\u0131 Mehmet Pa\u015fa Sok No:1\/A Kartal\/\u0130STANBUL<\/div><\/div><div class=\"flip-box-back\" style=\"--awb-border-color:var(--awb-color3);--awb-border-size:1px;--awb-border-radius:3px;--awb-background-color-back:var(--awb-color1);--awb-title-back-color:var(--awb-color7);--awb-background-image-back:url(&#039;https:\/\/www.usulhukuk.com\/wp-content\/uploads\/2022\/04\/Istanbul.jpg&#039;);\"><div class=\"flip-box-back-inner\">\n<div class=\"shortcode-map fusion-google-map fusion-maps-static-type\"><img class=\"lazyload\" decoding=\"async\" width=\"325\" height=\"300\" src=\"data:image\/svg+xml,%3Csvg%20xmlns%3D%27http%3A%2F%2Fwww.w3.org%2F2000%2Fsvg%27%20width%3D%27325%27%20height%3D%27300%27%20viewBox%3D%270%200%20325%20300%27%3E%3Crect%20width%3D%27325%27%20height%3D%27300%27%20fill-opacity%3D%220%22%2F%3E%3C%2Fsvg%3E\" data-orig-src=\"https:\/\/maps.googleapis.com\/maps\/api\/staticmap?key=&#038;language=en&#038;center=London&#038;maptype=roadmap&#038;zoom=14&#038;size=325x300&#038;markers=icon:https:\/\/www.usulhukuk.com\/wp-content\/plugins\/fusion-builder\/images\/amms.png|London&style=feature:all|hue:0xvar(--awb-color5)|saturation:-38|lightness:-4|visibility:simplified&style=feature:administrative|hue:0xvar(--awb-color5)|saturation:-38|lightness:-4|visibility:simplified&style=feature:landscape|hue:0xvar(--awb-color5)|saturation:-38|lightness:-4|visibility:simplified&style=feature:poi|hue:0xvar(--awb-color5)|saturation:-38|lightness:-4|visibility:simplified&style=feature:road|hue:0xvar(--awb-color5)|saturation:-38|lightness:-4|visibility:simplified&style=feature:transit|hue:0xvar(--awb-color5)|saturation:-38|lightness:-4|visibility:simplified&style=feature:water|hue:0xvar(--awb-color5)|saturation:-38|lightness:-4|visibility:simplified&scale=2\"><\/div>\n<\/div><\/div><\/div><\/div><\/div><div class=\"fusion-flip-box-wrapper fusion-column col-lg-6 col-md-6 col-sm-6\"><div class=\"fusion-flip-box flip-right\" tabindex=\"0\"><div class=\"flip-box-inner-wrapper\"><div class=\"flip-box-front\" style=\"--awb-border-color:var(--awb-color3);--awb-border-size:1px;--awb-border-radius:3px;--awb-background-color-front:var(--awb-color1);--awb-title-front-color:#ffffff;--awb-text-front-color:#ffffff;--awb-background-image-front:url(&#039;https:\/\/www.usulhukuk.com\/wp-content\/uploads\/2025\/01\/image-57.jpg&#039;);\"><div class=\"flip-box-front-inner\"><div class=\"flip-box-grafix flip-box-image\"><img decoding=\"async\" class=\"lazyload\" src=\"data:image\/svg+xml,%3Csvg%20xmlns%3D%27http%3A%2F%2Fwww.w3.org%2F2000%2Fsvg%27%20width%3D%27512%27%20height%3D%27512%27%20viewBox%3D%270%200%20512%20512%27%3E%3Crect%20width%3D%27512%27%20height%3D%27512%27%20fill-opacity%3D%220%22%2F%3E%3C%2Fsvg%3E\" data-orig-src=\"https:\/\/www.usulhukuk.com\/wp-content\/uploads\/2022\/04\/pin-1.png\" width=\"35\" height=\"35\" alt=\"\" \/><\/div><h2 class=\"flip-box-heading\">London Office<\/h2>71-75 Shelton Street Covent Garden, London, United Kingdom Wc2h 9jq<\/div><\/div><div class=\"flip-box-back\" style=\"--awb-border-color:var(--awb-color3);--awb-border-size:1px;--awb-border-radius:3px;--awb-background-color-back:var(--awb-color1);--awb-title-back-color:var(--awb-color7);--awb-background-image-back:url(&#039;https:\/\/www.usulhukuk.com\/wp-content\/uploads\/2025\/01\/image-57.jpg&#039;);\"><div class=\"flip-box-back-inner\"><h3 class=\"flip-box-heading-back\">London Office<\/h3>\n<div class=\"shortcode-map fusion-google-map fusion-maps-static-type\"><img class=\"lazyload\" decoding=\"async\" width=\"325\" height=\"300\" src=\"data:image\/svg+xml,%3Csvg%20xmlns%3D%27http%3A%2F%2Fwww.w3.org%2F2000%2Fsvg%27%20width%3D%27325%27%20height%3D%27300%27%20viewBox%3D%270%200%20325%20300%27%3E%3Crect%20width%3D%27325%27%20height%3D%27300%27%20fill-opacity%3D%220%22%2F%3E%3C%2Fsvg%3E\" data-orig-src=\"https:\/\/maps.googleapis.com\/maps\/api\/staticmap?key=&#038;language=en&#038;center=\u201cParis\u201d&#038;maptype=roadmap&#038;zoom=14&#038;size=325x300&#038;markers=icon:https:\/\/www.usulhukuk.com\/wp-content\/plugins\/fusion-builder\/images\/amms.png|\u201cParis\u201d&style=feature:all|hue:0xvar(--awb-color5)|saturation:-38|lightness:-4|visibility:simplified&style=feature:administrative|hue:0xvar(--awb-color5)|saturation:-38|lightness:-4|visibility:simplified&style=feature:landscape|hue:0xvar(--awb-color5)|saturation:-38|lightness:-4|visibility:simplified&style=feature:poi|hue:0xvar(--awb-color5)|saturation:-38|lightness:-4|visibility:simplified&style=feature:road|hue:0xvar(--awb-color5)|saturation:-38|lightness:-4|visibility:simplified&style=feature:transit|hue:0xvar(--awb-color5)|saturation:-38|lightness:-4|visibility:simplified&style=feature:water|hue:0xvar(--awb-color5)|saturation:-38|lightness:-4|visibility:simplified&scale=2\"><\/div>\n<\/div><\/div><\/div><\/div><\/div><\/div><\/div><\/div><\/div><\/div><div class=\"fusion-fullwidth fullwidth-box fusion-builder-row-2 fusion-flex-container nonhundred-percent-fullwidth non-hundred-percent-height-scrolling\" style=\"--awb-background-position:left top;--awb-border-sizes-top:1px;--awb-border-sizes-bottom:1px;--awb-border-sizes-left:0px;--awb-border-sizes-right:0px;--awb-border-color:var(--awb-color3);--awb-border-radius-top-left:0px;--awb-border-radius-top-right:0px;--awb-border-radius-bottom-right:0px;--awb-border-radius-bottom-left:0px;--awb-padding-top:100px;--awb-padding-bottom:90px;--awb-padding-top-medium:72px;--awb-padding-bottom-medium:62px;--awb-background-color:var(--awb-color1);--awb-flex-wrap:wrap;\" ><div class=\"fusion-builder-row fusion-row fusion-flex-align-items-flex-start fusion-flex-content-wrap\" style=\"max-width:1216.8px;margin-left: calc(-4% \/ 2 );margin-right: calc(-4% \/ 2 );\"><div class=\"fusion-layout-column fusion_builder_column fusion-builder-column-1 fusion_builder_column_1_1 1_1 fusion-flex-column fusion-flex-align-self-flex-start fusion-column-no-min-height\" style=\"--awb-bg-blend:overlay;--awb-bg-size:cover;--awb-width-large:100%;--awb-margin-top-large:0px;--awb-spacing-right-large:1.92%;--awb-margin-bottom-large:0px;--awb-spacing-left-large:1.92%;--awb-width-medium:100%;--awb-spacing-right-medium:1.92%;--awb-spacing-left-medium:1.92%;--awb-width-small:100%;--awb-spacing-right-small:1.92%;--awb-spacing-left-small:1.92%;\"><div class=\"fusion-column-wrapper fusion-flex-justify-content-flex-start fusion-content-layout-column\"><div class=\"fusion-title title fusion-title-1 fusion-title-center fusion-title-text fusion-title-size-two\" style=\"--awb-margin-bottom:30px;--awb-margin-bottom-small:30px;\"><div class=\"title-sep-container title-sep-container-left\"><div class=\"title-sep sep- sep-solid\" style=\"border-color:var(--awb-color3);\"><\/div><\/div><span class=\"awb-title-spacer\"><\/span><h2 class=\"fusion-title-heading title-heading-center\" style=\"margin:0;\">Global reach, local touch.<\/h2><span class=\"awb-title-spacer\"><\/span><div class=\"title-sep-container title-sep-container-right\"><div class=\"title-sep sep- sep-solid\" style=\"border-color:var(--awb-color3);\"><\/div><\/div><\/div><div class=\"fusion-separator\" style=\"align-self: center;margin-left: auto;margin-right: auto;margin-top:10px;margin-bottom:40px;width:100%;max-width:170px;\"><div class=\"fusion-separator-border sep-single sep-solid\" style=\"--awb-height:20px;--awb-amount:20px;--awb-sep-color:var(--awb-color4);border-color:var(--awb-color4);border-top-width:1px;\"><\/div><\/div><\/div><\/div><div class=\"fusion-layout-column fusion_builder_column fusion-builder-column-2 fusion_builder_column_1_2 1_2 fusion-flex-column\" style=\"--awb-bg-blend:overlay;--awb-bg-size:cover;--awb-width-large:50%;--awb-margin-top-large:0px;--awb-spacing-right-large:3.84%;--awb-margin-bottom-large:20px;--awb-spacing-left-large:3.84%;--awb-width-medium:50%;--awb-spacing-right-medium:3.84%;--awb-spacing-left-medium:3.84%;--awb-width-small:100%;--awb-spacing-right-small:1.92%;--awb-spacing-left-small:1.92%;\"><div class=\"fusion-column-wrapper fusion-flex-justify-content-flex-start fusion-content-layout-column\"><ul style=\"--awb-line-height:23.8px;--awb-icon-width:23.8px;--awb-icon-height:23.8px;--awb-icon-margin:9.8px;--awb-content-margin:33.6px;\" class=\"fusion-checklist fusion-checklist-1 fusion-checklist-default type-icons\"><li class=\"fusion-li-item\" style=\"\"><span class=\"icon-wrapper circle-no\"><i class=\"fusion-li-icon icon-law-check-solid\" aria-hidden=\"true\"><\/i><\/span><div class=\"fusion-li-item-content\"><b>We listen to our clients. <\/b><span style=\"font-weight: 400;\">Every client and their problem is of critical importance to us.<\/span><\/div><\/li><li class=\"fusion-li-item\" style=\"\"><span class=\"icon-wrapper circle-no\"><i class=\"fusion-li-icon icon-law-check-solid\" aria-hidden=\"true\"><\/i><\/span><div class=\"fusion-li-item-content\"><b>We know. <\/b><span style=\"font-weight: 400;\">We use many legal measures for you and your business.<\/span><\/div><\/li><li class=\"fusion-li-item\" style=\"\"><span class=\"icon-wrapper circle-no\"><i class=\"fusion-li-icon icon-law-check-solid\" aria-hidden=\"true\"><\/i><\/span><div class=\"fusion-li-item-content\"><b>We are defending.<\/b><span style=\"font-weight: 400;\"> We plan several moves ahead of time due to our extensive experience in courts.<\/span><\/div><\/li><li class=\"fusion-li-item\" style=\"\"><span class=\"icon-wrapper circle-no\"><i class=\"fusion-li-icon icon-law-check-solid\" aria-hidden=\"true\"><\/i><\/span><div class=\"fusion-li-item-content\"><b>We are proud. <\/b><span style=\"font-weight: 400;\">Because we often go beyond the expectations of our clients.<\/span><\/div><\/li><\/ul><\/div><\/div><div class=\"fusion-layout-column fusion_builder_column fusion-builder-column-3 fusion_builder_column_1_2 1_2 fusion-flex-column\" style=\"--awb-bg-blend:overlay;--awb-bg-size:cover;--awb-width-large:50%;--awb-margin-top-large:0px;--awb-spacing-right-large:3.84%;--awb-margin-bottom-large:20px;--awb-spacing-left-large:3.84%;--awb-width-medium:50%;--awb-spacing-right-medium:3.84%;--awb-spacing-left-medium:3.84%;--awb-width-small:100%;--awb-spacing-right-small:1.92%;--awb-spacing-left-small:1.92%;\"><div class=\"fusion-column-wrapper fusion-flex-justify-content-flex-start fusion-content-layout-column\"><ul style=\"--awb-line-height:23.8px;--awb-icon-width:23.8px;--awb-icon-height:23.8px;--awb-icon-margin:9.8px;--awb-content-margin:33.6px;\" class=\"fusion-checklist fusion-checklist-2 fusion-checklist-default type-icons\"><li class=\"fusion-li-item\" style=\"\"><span class=\"icon-wrapper circle-no\"><i class=\"fusion-li-icon icon-law-check-solid\" aria-hidden=\"true\"><\/i><\/span><div class=\"fusion-li-item-content\"><b>We are strong.<\/b><span style=\"font-weight: 400;\"> We have professional and loving colleagues.<\/span><\/div><\/li><li class=\"fusion-li-item\" style=\"\"><span class=\"icon-wrapper circle-no\"><i class=\"fusion-li-icon icon-law-check-solid\" aria-hidden=\"true\"><\/i><\/span><div class=\"fusion-li-item-content\"><b>We care. <\/b><span style=\"font-weight: 400;\">We care about the interests and demands of our clients and provide them with consistent and appropriate legal support in a business context.<\/span><\/div><\/li><li class=\"fusion-li-item\" style=\"\"><span class=\"icon-wrapper circle-no\"><i class=\"fusion-li-icon icon-law-check-solid\" aria-hidden=\"true\"><\/i><\/span><div class=\"fusion-li-item-content\"><b>We are following. <\/b><span style=\"font-weight: 400;\">We follow your work on a daily basis, we prevent you from wasting time.<\/span><\/div><\/li><li class=\"fusion-li-item\" style=\"\"><span class=\"icon-wrapper circle-no\"><i class=\"fusion-li-icon icon-law-check-solid\" aria-hidden=\"true\"><\/i><\/span><div class=\"fusion-li-item-content\"><b>We are updating. <\/b><span style=\"font-weight: 400;\">We ensure that you are up-to-date on developments in the law.<\/span><\/div><\/li><\/ul><\/div><\/div><\/div><\/div><div class=\"fusion-bg-parallax\" data-bg-align=\"center center\" data-direction=\"up\" data-mute=\"false\" data-opacity=\"100\" data-velocity=\"-0.5\" data-mobile-enabled=\"false\" data-break_parents=\"0\" data-bg-image=\"https:\/\/www.usulhukuk.com\/wp-content\/uploads\/2015\/02\/where-we-work-parallax.jpg\" data-bg-repeat=\"false\" data-bg-color=\"var(--awb-color7)\" ><\/div><div class=\"fusion-fullwidth fullwidth-box fusion-builder-row-3 fusion-flex-container fusion-parallax-up nonhundred-percent-fullwidth non-hundred-percent-height-scrolling lazyload\" style=\"--awb-border-sizes-top:0px;--awb-border-sizes-bottom:0px;--awb-border-sizes-left:0px;--awb-border-sizes-right:0px;--awb-border-radius-top-left:0px;--awb-border-radius-top-right:0px;--awb-border-radius-bottom-right:0px;--awb-border-radius-bottom-left:0px;--awb-padding-top:150px;--awb-padding-bottom:160px;--awb-background-color:var(--awb-color7);--awb-background-size:cover;--awb-flex-wrap:wrap;\" data-bg=\"https:\/\/www.usulhukuk.com\/wp-content\/uploads\/2015\/02\/where-we-work-parallax.jpg\" ><div class=\"fusion-builder-row fusion-row fusion-flex-align-items-flex-start fusion-flex-justify-content-center fusion-flex-content-wrap\" style=\"max-width:1216.8px;margin-left: calc(-4% \/ 2 );margin-right: calc(-4% \/ 2 );\"><div class=\"fusion-layout-column fusion_builder_column fusion-builder-column-4 fusion_builder_column_2_3 2_3 fusion-flex-column fusion-flex-align-self-flex-start fusion-column-no-min-height\" style=\"--awb-bg-blend:overlay;--awb-bg-size:cover;--awb-width-large:66.666666666667%;--awb-margin-top-large:0px;--awb-spacing-right-large:2.88%;--awb-margin-bottom-large:0px;--awb-spacing-left-large:2.88%;--awb-width-medium:100%;--awb-spacing-right-medium:1.92%;--awb-spacing-left-medium:1.92%;--awb-width-small:100%;--awb-spacing-right-small:1.92%;--awb-spacing-left-small:1.92%;\"><div class=\"fusion-column-wrapper fusion-flex-justify-content-flex-start fusion-content-layout-column\"><div class=\"fusion-title title fusion-title-2 fusion-title-center fusion-title-text fusion-title-size-two\" style=\"--awb-text-color:var(--awb-color1);--awb-margin-bottom:30px;--awb-margin-bottom-small:30px;\"><div class=\"title-sep-container title-sep-container-left\"><div class=\"title-sep sep- sep-solid\" style=\"border-color:var(--awb-color3);\"><\/div><\/div><span class=\"awb-title-spacer\"><\/span><h2 class=\"fusion-title-heading title-heading-center\" style=\"margin:0;\">Let&#8217;s study together<\/h2><span class=\"awb-title-spacer\"><\/span><div class=\"title-sep-container title-sep-container-right\"><div class=\"title-sep sep- sep-solid\" style=\"border-color:var(--awb-color3);\"><\/div><\/div><\/div><div class=\"fusion-separator\" style=\"align-self: center;margin-left: auto;margin-right: auto;margin-top:10px;margin-bottom:30px;width:100%;max-width:170px;\"><div class=\"fusion-separator-border sep-single sep-solid\" style=\"--awb-height:20px;--awb-amount:20px;--awb-sep-color:var(--awb-color7);border-color:var(--awb-color7);border-top-width:1px;\"><\/div><\/div><div class=\"fusion-text fusion-text-1\" style=\"--awb-content-alignment:center;--awb-font-size:var(--awb-typography2-font-size);--awb-line-height:var(--awb-typography2-line-height);--awb-text-transform:none;--awb-text-color:var(--awb-color1);\"><p>We work as one unified team with market-leading companies around the world and provide our clients with the highest quality advice possible.<\/p>\n<\/div><div style=\"text-align:center;\"><a class=\"fusion-button button-flat button-large button-default fusion-button-default button-1 fusion-button-default-span \" style=\"--button-border-radius-top-left:0;--button-border-radius-top-right:0;--button-border-radius-bottom-right:0;--button-border-radius-bottom-left:0;--button_margin-top:30px;\" target=\"_self\" href=\"https:\/\/www.usulhukuk.com\/contact-us\/\"><span class=\"fusion-button-text\">Contact Us<\/span><\/a><\/div><\/div><\/div><\/div><\/div><\/p>\n","protected":false},"excerpt":{"rendered":"","protected":false},"author":1,"featured_media":0,"parent":0,"menu_order":0,"comment_status":"open","ping_status":"closed","template":"100-width.php","meta":{"footnotes":""},"class_list":["post-1907","page","type-page","status-publish","hentry"],"yoast_head":"<!-- This site is optimized with the Yoast SEO plugin v22.3 - https:\/\/yoast.com\/wordpress\/plugins\/seo\/ -->\n<title>Locations - Usul Hukuk Dan\u0131\u015fmanl\u0131k<\/title>\n<meta name=\"robots\" content=\"index, follow, max-snippet:-1, max-image-preview:large, max-video-preview:-1\" \/>\n<link rel=\"canonical\" href=\"https:\/\/www.usulhukuk.com\/en\/locations\/\" \/>\n<meta property=\"og:locale\" content=\"en_US\" \/>\n<meta property=\"og:type\" content=\"article\" \/>\n<meta property=\"og:title\" content=\"Locations - Usul Hukuk Dan\u0131\u015fmanl\u0131k\" \/>\n<meta property=\"og:url\" content=\"https:\/\/www.usulhukuk.com\/en\/locations\/\" \/>\n<meta property=\"og:site_name\" content=\"Usul Hukuk Dan\u0131\u015fmanl\u0131k\" \/>\n<meta property=\"article:modified_time\" content=\"2025-01-24T12:31:57+00:00\" \/>\n<meta name=\"twitter:card\" content=\"summary_large_image\" \/>\n<meta name=\"twitter:site\" content=\"@AvKaanOzcelik\" \/>\n<meta name=\"twitter:label1\" content=\"Est. reading time\" \/>\n\t<meta name=\"twitter:data1\" content=\"2 minutes\" \/>\n<script type=\"application\/ld+json\" class=\"yoast-schema-graph\">{\"@context\":\"https:\/\/schema.org\",\"@graph\":[{\"@type\":\"WebPage\",\"@id\":\"https:\/\/www.usulhukuk.com\/en\/locations\/\",\"url\":\"https:\/\/www.usulhukuk.com\/en\/locations\/\",\"name\":\"Locations - Usul Hukuk Dan\u0131\u015fmanl\u0131k\",\"isPartOf\":{\"@id\":\"https:\/\/www.usulhukuk.com\/#website\"},\"datePublished\":\"2015-02-20T18:12:33+00:00\",\"dateModified\":\"2025-01-24T12:31:57+00:00\",\"breadcrumb\":{\"@id\":\"https:\/\/www.usulhukuk.com\/en\/locations\/#breadcrumb\"},\"inLanguage\":\"en-US\",\"potentialAction\":[{\"@type\":\"ReadAction\",\"target\":[\"https:\/\/www.usulhukuk.com\/en\/locations\/\"]}]},{\"@type\":\"BreadcrumbList\",\"@id\":\"https:\/\/www.usulhukuk.com\/en\/locations\/#breadcrumb\",\"itemListElement\":[{\"@type\":\"ListItem\",\"position\":1,\"name\":\"Anasayfa\",\"item\":\"https:\/\/www.usulhukuk.com\/en\/usul-hukuk\/\"},{\"@type\":\"ListItem\",\"position\":2,\"name\":\"Locations\"}]},{\"@type\":\"WebSite\",\"@id\":\"https:\/\/www.usulhukuk.com\/#website\",\"url\":\"https:\/\/www.usulhukuk.com\/\",\"name\":\"Usul Hukuk Dan\u0131\u015fmanl\u0131k\",\"description\":\"K\u00fcresel \u00c7apta Uzman Avukatlar\",\"publisher\":{\"@id\":\"https:\/\/www.usulhukuk.com\/#organization\"},\"potentialAction\":[{\"@type\":\"SearchAction\",\"target\":{\"@type\":\"EntryPoint\",\"urlTemplate\":\"https:\/\/www.usulhukuk.com\/?s={search_term_string}\"},\"query-input\":\"required name=search_term_string\"}],\"inLanguage\":\"en-US\"},{\"@type\":\"Organization\",\"@id\":\"https:\/\/www.usulhukuk.com\/#organization\",\"name\":\"Us\u00fcl Hukuk\",\"url\":\"https:\/\/www.usulhukuk.com\/\",\"logo\":{\"@type\":\"ImageObject\",\"inLanguage\":\"en-US\",\"@id\":\"https:\/\/www.usulhukuk.com\/#\/schema\/logo\/image\/\",\"url\":\"https:\/\/www.usulhukuk.com\/wp-content\/uploads\/2019\/01\/Usul-Hukuk-logo2x.png\",\"contentUrl\":\"https:\/\/www.usulhukuk.com\/wp-content\/uploads\/2019\/01\/Usul-Hukuk-logo2x.png\",\"width\":540,\"height\":170,\"caption\":\"Us\u00fcl Hukuk\"},\"image\":{\"@id\":\"https:\/\/www.usulhukuk.com\/#\/schema\/logo\/image\/\"},\"sameAs\":[\"https:\/\/twitter.com\/AvKaanOzcelik\",\"https:\/\/www.instagram.com\/avkaanozcelik\/\",\"https:\/\/www.linkedin.com\/in\/avkaanozcelik\/\",\"https:\/\/www.youtube.com\/c\/AvKaan\u00d6Z\u00c7EL\u0130K\"]}]}<\/script>\n<!-- \/ Yoast SEO plugin. -->","yoast_head_json":{"title":"Locations - Usul Hukuk Dan\u0131\u015fmanl\u0131k","robots":{"index":"index","follow":"follow","max-snippet":"max-snippet:-1","max-image-preview":"max-image-preview:large","max-video-preview":"max-video-preview:-1"},"canonical":"https:\/\/www.usulhukuk.com\/en\/locations\/","og_locale":"en_US","og_type":"article","og_title":"Locations - Usul Hukuk Dan\u0131\u015fmanl\u0131k","og_url":"https:\/\/www.usulhukuk.com\/en\/locations\/","og_site_name":"Usul Hukuk Dan\u0131\u015fmanl\u0131k","article_modified_time":"2025-01-24T12:31:57+00:00","twitter_card":"summary_large_image","twitter_site":"@AvKaanOzcelik","twitter_misc":{"Est. reading time":"2 minutes"},"schema":{"@context":"https:\/\/schema.org","@graph":[{"@type":"WebPage","@id":"https:\/\/www.usulhukuk.com\/en\/locations\/","url":"https:\/\/www.usulhukuk.com\/en\/locations\/","name":"Locations - Usul Hukuk Dan\u0131\u015fmanl\u0131k","isPartOf":{"@id":"https:\/\/www.usulhukuk.com\/#website"},"datePublished":"2015-02-20T18:12:33+00:00","dateModified":"2025-01-24T12:31:57+00:00","breadcrumb":{"@id":"https:\/\/www.usulhukuk.com\/en\/locations\/#breadcrumb"},"inLanguage":"en-US","potentialAction":[{"@type":"ReadAction","target":["https:\/\/www.usulhukuk.com\/en\/locations\/"]}]},{"@type":"BreadcrumbList","@id":"https:\/\/www.usulhukuk.com\/en\/locations\/#breadcrumb","itemListElement":[{"@type":"ListItem","position":1,"name":"Anasayfa","item":"https:\/\/www.usulhukuk.com\/en\/usul-hukuk\/"},{"@type":"ListItem","position":2,"name":"Locations"}]},{"@type":"WebSite","@id":"https:\/\/www.usulhukuk.com\/#website","url":"https:\/\/www.usulhukuk.com\/","name":"Usul Hukuk Dan\u0131\u015fmanl\u0131k","description":"K\u00fcresel \u00c7apta Uzman Avukatlar","publisher":{"@id":"https:\/\/www.usulhukuk.com\/#organization"},"potentialAction":[{"@type":"SearchAction","target":{"@type":"EntryPoint","urlTemplate":"https:\/\/www.usulhukuk.com\/?s={search_term_string}"},"query-input":"required name=search_term_string"}],"inLanguage":"en-US"},{"@type":"Organization","@id":"https:\/\/www.usulhukuk.com\/#organization","name":"Us\u00fcl Hukuk","url":"https:\/\/www.usulhukuk.com\/","logo":{"@type":"ImageObject","inLanguage":"en-US","@id":"https:\/\/www.usulhukuk.com\/#\/schema\/logo\/image\/","url":"https:\/\/www.usulhukuk.com\/wp-content\/uploads\/2019\/01\/Usul-Hukuk-logo2x.png","contentUrl":"https:\/\/www.usulhukuk.com\/wp-content\/uploads\/2019\/01\/Usul-Hukuk-logo2x.png","width":540,"height":170,"caption":"Us\u00fcl Hukuk"},"image":{"@id":"https:\/\/www.usulhukuk.com\/#\/schema\/logo\/image\/"},"sameAs":["https:\/\/twitter.com\/AvKaanOzcelik","https:\/\/www.instagram.com\/avkaanozcelik\/","https:\/\/www.linkedin.com\/in\/avkaanozcelik\/","https:\/\/www.youtube.com\/c\/AvKaan\u00d6Z\u00c7EL\u0130K"]}]}},"_links":{"self":[{"href":"https:\/\/www.usulhukuk.com\/en\/wp-json\/wp\/v2\/pages\/1907","targetHints":{"allow":["GET"]}}],"collection":[{"href":"https:\/\/www.usulhukuk.com\/en\/wp-json\/wp\/v2\/pages"}],"about":[{"href":"https:\/\/www.usulhukuk.com\/en\/wp-json\/wp\/v2\/types\/page"}],"author":[{"embeddable":true,"href":"https:\/\/www.usulhukuk.com\/en\/wp-json\/wp\/v2\/users\/1"}],"replies":[{"embeddable":true,"href":"https:\/\/www.usulhukuk.com\/en\/wp-json\/wp\/v2\/comments?post=1907"}],"version-history":[{"count":12,"href":"https:\/\/www.usulhukuk.com\/en\/wp-json\/wp\/v2\/pages\/1907\/revisions"}],"predecessor-version":[{"id":2894,"href":"https:\/\/www.usulhukuk.com\/en\/wp-json\/wp\/v2\/pages\/1907\/revisions\/2894"}],"wp:attachment":[{"href":"https:\/\/www.usulhukuk.com\/en\/wp-json\/wp\/v2\/media?parent=1907"}],"curies":[{"name":"wp","href":"https:\/\/api.w.org\/{rel}","templated":true}]}}